{"id":143,"date":"2025-11-17T11:11:33","date_gmt":"2025-11-17T11:11:33","guid":{"rendered":"http:\/\/emsee.fr\/?page_id=143"},"modified":"2026-03-06T15:53:52","modified_gmt":"2026-03-06T15:53:52","slug":"mentions","status":"publish","type":"page","link":"https:\/\/emsee.fr\/index.php\/mentions\/","title":{"rendered":"mentions l\u00e9gales"},"content":{"rendered":"\n<h2 class=\"wp-block-heading has-didot-font-family has-xx-large-font-size\" style=\"margin-top:var(--wp--preset--spacing--40);margin-bottom:var(--wp--preset--spacing--40)\"><a href=\"https:\/\/emsee.fr\/index.php\/blog\/\" data-type=\"page\" data-id=\"82\">ems\u00e9e<\/a><\/h2>\n\n\n\n<div class=\"wp-block-group is-content-justification-center is-nowrap is-layout-flex wp-container-core-group-is-layout-23441af8 wp-block-group-is-layout-flex\">\n<h2 class=\"wp-block-heading has-text-align-left has-accent-4-color has-text-color has-link-color has-medium-font-size wp-elements-9c12b4687afee6bb033c44a8609ade53 wp-container-content-9cfa9a5a\" style=\"border-style:none;border-width:0px;margin-top:var(--wp--preset--spacing--50);margin-bottom:var(--wp--preset--spacing--50)\"><a href=\"https:\/\/emsee.fr\/index.php\/demarche\/\">d\u00e9marche<\/a><\/h2>\n\n\n\n<h2 class=\"wp-block-heading has-text-align-center has-accent-4-color has-text-color has-link-color has-medium-font-size wp-elements-8bde3d290b3b08a550c8baffe1a1b6b7 wp-container-content-9cfa9a5a\" style=\"border-style:none;border-width:0px\"><a href=\"https:\/\/emsee.fr\/index.php\/intervention\/\">intervention<\/a><\/h2>\n\n\n\n<h2 class=\"wp-block-heading has-text-align-center has-accent-4-color has-text-color has-link-color has-medium-font-size wp-elements-f5df3bb2da06a425b39134800b4bd5bd wp-container-content-9cfa9a5a\" style=\"border-style:none;border-width:0px\"><a href=\"https:\/\/emsee.fr\/index.php\/equipe\/\">\u00e9quipe<\/a><\/h2>\n\n\n\n<h2 class=\"wp-block-heading has-text-align-right has-accent-4-color has-text-color has-link-color has-medium-font-size wp-elements-79bd9db88205e3ebbc2e5179365df4d9 wp-container-content-9cfa9a5a\" style=\"border-style:none;border-width:0px\"><a href=\"https:\/\/emsee.fr\/index.php\/contact\/\" data-type=\"page\" data-id=\"285\">contact<\/a><\/h2>\n<\/div>\n\n\n\n<p class=\"has-arial-font-family\" style=\"font-size:0.7rem;line-height:1.5\"><em>Ce site est \u00e9dit\u00e9 par ems\u00e9e, SAS au capital de 12.000\u20ac, immatricul\u00e9e au RCS de Paris sous le num\u00e9ro 990 166 951, dont le si\u00e8ge social est situ\u00e9 19 rue Claude Bernard 75005 Paris.<\/em><\/p>\n\n\n\n<p class=\"has-arial-font-family\" style=\"font-size:0.7rem;line-height:1.5\"><em>Tous droits r\u00e9serv\u00e9s \u2013 ems\u00e9e SAS 2026. Les contenus (textes, images) sont prot\u00e9g\u00e9s par le droit d\u2019auteur. <\/em><\/p>\n\n\n\n<p class=\"has-arial-font-family\" style=\"font-size:0.7rem;line-height:1.5\"><em>Toute reproduction sans autorisation est interdite.<\/em><\/p>\n\n\n\n<p class=\"has-arial-font-family\" style=\"font-size:0.7rem;line-height:1.5\">Site h\u00e9berg\u00e9 par <a href=\"https:\/\/www.ovhcloud.com\/fr\/?at_medium=search&amp;at_platform=g&amp;at_campaign=AdWords&amp;at_creation=searc_EC_fr_fr_FR_multi_multi_brand-global_defsv_traffic_Test_tIS()&amp;at_variant=773285290541&amp;at_network=search&amp;at_term=ovh&amp;gad_source=1&amp;gad_campaignid=23167337903&amp;gclid=Cj0KCQiArOvIBhDLARIsAPwJXOZEmJGyAnZOprXpL5ruDQvp_5L7lilJ8sIw_2C-ZRFWQ_ncyYkN-m4aApJEEALw_wcB\" target=\"_blank\" rel=\"noreferrer noopener\">OVH<\/a><\/p>\n\n\n\n<p><\/p>\n","protected":false},"excerpt":{"rendered":"<p>ems\u00e9e d\u00e9marche intervention \u00e9quipe contact Ce site est \u00e9dit\u00e9 par ems\u00e9e, SAS au capital de 12.000\u20ac, immatricul\u00e9e au RCS de Paris sous le num\u00e9ro 990 166 951, dont le si\u00e8ge social est situ\u00e9 19 rue Claude Bernard 75005 Paris. Tous droits r\u00e9serv\u00e9s \u2013 ems\u00e9e SAS 2026. Les contenus (textes, images) sont prot\u00e9g\u00e9s par le droit [&hellip;]<\/p>\n","protected":false},"author":1,"featured_media":0,"parent":0,"menu_order":0,"comment_status":"closed","ping_status":"closed","template":"","meta":{"footnotes":""},"class_list":["post-143","page","type-page","status-publish","hentry"],"_links":{"self":[{"href":"https:\/\/emsee.fr\/index.php\/wp-json\/wp\/v2\/pages\/143","targetHints":{"allow":["GET"]}}],"collection":[{"href":"https:\/\/emsee.fr\/index.php\/wp-json\/wp\/v2\/pages"}],"about":[{"href":"https:\/\/emsee.fr\/index.php\/wp-json\/wp\/v2\/types\/page"}],"author":[{"embeddable":true,"href":"https:\/\/emsee.fr\/index.php\/wp-json\/wp\/v2\/users\/1"}],"replies":[{"embeddable":true,"href":"https:\/\/emsee.fr\/index.php\/wp-json\/wp\/v2\/comments?post=143"}],"version-history":[{"count":14,"href":"https:\/\/emsee.fr\/index.php\/wp-json\/wp\/v2\/pages\/143\/revisions"}],"predecessor-version":[{"id":410,"href":"https:\/\/emsee.fr\/index.php\/wp-json\/wp\/v2\/pages\/143\/revisions\/410"}],"wp:attachment":[{"href":"https:\/\/emsee.fr\/index.php\/wp-json\/wp\/v2\/media?parent=143"}],"curies":[{"name":"wp","href":"https:\/\/api.w.org\/{rel}","templated":true}]}}