{"id":165,"date":"2025-11-18T17:02:06","date_gmt":"2025-11-18T17:02:06","guid":{"rendered":"http:\/\/emsee.fr\/?page_id=165"},"modified":"2025-11-20T10:42:19","modified_gmt":"2025-11-20T10:42:19","slug":"demarche","status":"publish","type":"page","link":"https:\/\/emsee.fr\/index.php\/demarche\/","title":{"rendered":"d\u00e9marche"},"content":{"rendered":"\n<p class=\"has-didot-font-family has-x-large-font-size\" id=\"entete\" style=\"margin-top:0;margin-bottom:0\"><a href=\"https:\/\/emsee.fr\/index.php\/blog\/\" data-type=\"page\" data-id=\"82\">ems\u00e9e<\/a><\/p>\n\n\n\n<div class=\"wp-block-group is-content-justification-center is-nowrap is-layout-flex wp-container-core-group-is-layout-23441af8 wp-block-group-is-layout-flex\">\n<h2 class=\"wp-block-heading has-text-align-left has-accent-4-color has-text-color has-link-color has-medium-font-size wp-elements-db5a3373aa6854bc6f443fc7587550f0 wp-container-content-9cfa9a5a\" style=\"border-style:none;border-width:0px\"><a href=\"https:\/\/emsee.fr\/index.php\/demarche\/\">d\u00e9marche<\/a><\/h2>\n\n\n\n<h2 class=\"wp-block-heading has-text-align-center has-accent-4-color has-text-color has-link-color has-medium-font-size wp-elements-8bde3d290b3b08a550c8baffe1a1b6b7 wp-container-content-9cfa9a5a\" style=\"border-style:none;border-width:0px\"><a href=\"https:\/\/emsee.fr\/index.php\/intervention\/\">intervention<\/a><\/h2>\n\n\n\n<h2 class=\"wp-block-heading has-text-align-center has-accent-4-color has-text-color has-link-color has-medium-font-size wp-elements-f5df3bb2da06a425b39134800b4bd5bd wp-container-content-9cfa9a5a\" style=\"border-style:none;border-width:0px\"><a href=\"https:\/\/emsee.fr\/index.php\/equipe\/\">\u00e9quipe<\/a><\/h2>\n\n\n\n<h2 class=\"wp-block-heading has-text-align-right has-accent-4-color has-text-color has-link-color has-medium-font-size wp-elements-1486802946bfe892c6c196eaea6feaa4 wp-container-content-9cfa9a5a\" style=\"border-style:none;border-width:0px;margin-top:var(--wp--preset--spacing--50);margin-bottom:var(--wp--preset--spacing--50)\"><a href=\"\/index.php\/contact\/\">contact<\/a><\/h2>\n<\/div>\n\n\n\n<h3 class=\"wp-block-heading has-text-align-center has-arial-font-family has-medium-font-size\" id=\"d\u00e9marche\">d\u00e9marche<\/h3>\n\n\n\n<p class=\"has-text-align-center has-didot-font-family has-x-large-font-size\"><em><strong>tiers de confiance et alli\u00e9 op\u00e9rationnel<\/strong><\/em><\/p>\n\n\n\n<div class=\"wp-block-group has-global-padding is-layout-constrained wp-block-group-is-layout-constrained\">\n<div class=\"wp-block-group has-global-padding is-layout-constrained wp-block-group-is-layout-constrained\">\n<p class=\"has-arial-font-family has-small-font-size\"><strong>Le \u201ctemps immobilier\u201d s\u2019allonge<\/strong>, la n\u00e9cessaire \u00e9conomie fonci\u00e8re engage une orientation progressive vers la r\u00e9habilitation et la r\u00e9novation comme choix premier pour l<strong>es op\u00e9rations immobili\u00e8res ce qui g\u00e9n\u00e8re de la complexit\u00e9 et des nouvelles expertises<\/strong>.<\/p>\n\n\n\n<p class=\"has-arial-font-family has-small-font-size\"><strong>La diversification, le silotage et l\u2019accumulation de comp\u00e9tences autour des m\u00e9tiers initiaux de Maitrise d\u2019\u0153uvre et de Maitrise d&rsquo;Ouvrage rendent de plus en plus difficile l&rsquo;adh\u00e9sion des \u00e9quipes \u00e0 une strat\u00e9gie vers un objectif commun,<\/strong> pour faire bien et efficacement. Et pourtant il s\u2019agit d\u2019une mission \u00e0 part enti\u00e8re, n\u00e9glig\u00e9e ou pas identifi\u00e9e, puisque les comp\u00e9tences sont \u00e9parpill\u00e9es dans l\u2019\u00e9quipe et que chacun s&rsquo;attelle uniquement \u00e0 sa t\u00e2che.<\/p>\n\n\n\n<p class=\"has-text-align-left has-arial-font-family has-medium-font-size\"><strong>Apporter la bonne comp\u00e9tence, au bon moment<\/strong><\/p>\n\n\n\n<p class=\"has-arial-font-family has-small-font-size\">Cette mission n\u2019est pas anodine et requiert <strong>une vision globale et syst\u00e9mique<\/strong>, un v\u00e9cu qui permet d\u2019\u00e9viter les it\u00e9rations inutiles et de proposer rapidement et concr\u00e8tement une prise en charge \u00e0 l\u2019\u00e9chelle globale de l\u2019op\u00e9ration et de l\u2019\u00e9quipe sur toute la cha\u00eene de valeur de celle-ci. <strong>Il s&rsquo;agit de r\u00e9soudre un probl\u00e8me<\/strong>, qu\u2019il soit existant ou qu\u2019il se pr\u00e9sente<strong>, l\u2019\u00e9viter quand on le peut<\/strong> et surtout proposer les <strong>cl\u00e9s et le cadre pour cr\u00e9er la capacit\u00e9 et l\u2019autonomie<\/strong>.<\/p>\n\n\n\n<p class=\"has-text-align-left has-arial-font-family has-medium-font-size\"><strong>Cr\u00e9er la capacit\u00e9 et l\u2019autonomie<\/strong><\/p>\n\n\n\n<p class=\"has-arial-font-family has-small-font-size\">Au-del\u00e0 de la marge \u00e9conomique \u00e0 r\u00e9aliser, c\u2019est la satisfaction d\u2019avoir vis\u00e9 juste, d\u2019avoir \u00e9t\u00e9 performants, d\u2019avoir rempli l\u2019ensemble des obligations sans s\u2019\u00e9parpiller, qui permet de rebondir sur la prochaine op\u00e9ration en ayant capitalis\u00e9, rassembl\u00e9, homog\u00e9n\u00e9is\u00e9 les pratiques au sein d\u2019une \u00e9quipe align\u00e9e et dirig\u00e9e vers un objectif parfaitement connu.<\/p>\n\n\n\n<p class=\"has-text-align-left has-arial-font-family has-medium-font-size\"><strong>Fournir assistance et appui \u00e0 la direction de projet<\/strong><\/p>\n\n\n\n<p class=\"has-arial-font-family has-small-font-size\">Cette mutation impose donc une grande dext\u00e9rit\u00e9 et une exp\u00e9rience certaine dans cette d\u00e9marche pour <strong>fid\u00e9liser autant les ressources que les clients<\/strong>, pour r\u00e9pondre \u00e0 la complexit\u00e9 avec les <strong>bonnes comp\u00e9tences au bon moment.<\/strong><\/p>\n\n\n\n<p class=\"has-text-align-left has-arial-font-family has-medium-font-size\"><strong>Vision globale syst\u00e9mique<\/strong><\/p>\n\n\n\n<p class=\"has-arial-font-family has-small-font-size\">Nous permettons d\u2019\u00e9viter les it\u00e9rations inutiles et proposons rapidement et concr\u00e8tement une prise en charge \u00e0 l\u2019\u00e9chelle globale de l\u2019op\u00e9ration et de l\u2019\u00e9quipe sur toute la cha\u00eene de valeur. Il s&rsquo;agit de r\u00e9soudre un probl\u00e8me, qu\u2019il soit existant ou qu\u2019il se pr\u00e9sente, l\u2019\u00e9viter quand on le peut et surtout proposer les cl\u00e9s et le cadre pour cr\u00e9er la capacit\u00e9 et l\u2019autonomie.<\/p>\n\n\n\n<p class=\"has-text-align-left has-arial-font-family has-medium-font-size\"><strong>Tenir le cap humain, strat\u00e9gique et op\u00e9rationnel<\/strong><\/p>\n\n\n\n<p class=\"has-arial-font-family has-small-font-size\">Notre vision est celle du groupe en mouvement qui d\u00e9passe les logiques individuelles et qui, gr\u00e2ce \u00e0 une organisation juste et un objectif clair, permet de venir \u00e0 bout des plus grandes difficult\u00e9s. <\/p>\n\n\n\n<p class=\"has-arial-font-family has-small-font-size\">En effet, au-del\u00e0 de la marge \u00e9conomique \u00e0 r\u00e9aliser, c\u2019est la satisfaction d\u2019avoir vis\u00e9 juste, d\u2019avoir \u00e9t\u00e9 performants, d\u2019avoir rempli l\u2019ensemble des obligations sans s\u2019\u00e9parpiller, qui permet de rebondir sur la prochaine op\u00e9ration en ayant capitalis\u00e9, rassembl\u00e9, homog\u00e9n\u00e9is\u00e9 les pratiques au sein d\u2019une \u00e9quipe align\u00e9e et dirig\u00e9e vers un objectif parfaitement connu.<\/p>\n<\/div>\n<\/div>\n\n\n\n<div class=\"wp-block-group has-global-padding is-layout-constrained wp-block-group-is-layout-constrained\">\n<hr class=\"wp-block-separator has-alpha-channel-opacity\" style=\"margin-top:var(--wp--preset--spacing--40);margin-bottom:var(--wp--preset--spacing--40)\"\/>\n<\/div>\n\n\n\n<p class=\"has-accent-4-color has-text-color has-link-color has-arial-font-family has-small-font-size wp-elements-4feba159e71b346901b2c5cb90b5430c\"><a href=\"#entete\">haut de page<\/a><\/p>\n\n\n\n<h2 class=\"wp-block-heading has-arial-font-family\" style=\"margin-top:var(--wp--preset--spacing--60);margin-bottom:var(--wp--preset--spacing--60);font-size:0.7rem\"><em><a href=\"https:\/\/emsee.fr\/index.php\/mentions\/\" data-type=\"page\" data-id=\"143\">mentions l\u00e9gales<\/a><\/em><\/h2>\n","protected":false},"excerpt":{"rendered":"<p>ems\u00e9e d\u00e9marche intervention \u00e9quipe contact d\u00e9marche tiers de confiance et alli\u00e9 op\u00e9rationnel Le \u201ctemps immobilier\u201d s\u2019allonge, la n\u00e9cessaire \u00e9conomie fonci\u00e8re engage une orientation progressive vers la r\u00e9habilitation et la r\u00e9novation comme choix premier pour les op\u00e9rations immobili\u00e8res ce qui g\u00e9n\u00e8re de la complexit\u00e9 et des nouvelles expertises. La diversification, le silotage et l\u2019accumulation de comp\u00e9tences [&hellip;]<\/p>\n","protected":false},"author":1,"featured_media":0,"parent":0,"menu_order":0,"comment_status":"closed","ping_status":"closed","template":"","meta":{"footnotes":""},"class_list":["post-165","page","type-page","status-publish","hentry"],"_links":{"self":[{"href":"https:\/\/emsee.fr\/index.php\/wp-json\/wp\/v2\/pages\/165","targetHints":{"allow":["GET"]}}],"collection":[{"href":"https:\/\/emsee.fr\/index.php\/wp-json\/wp\/v2\/pages"}],"about":[{"href":"https:\/\/emsee.fr\/index.php\/wp-json\/wp\/v2\/types\/page"}],"author":[{"embeddable":true,"href":"https:\/\/emsee.fr\/index.php\/wp-json\/wp\/v2\/users\/1"}],"replies":[{"embeddable":true,"href":"https:\/\/emsee.fr\/index.php\/wp-json\/wp\/v2\/comments?post=165"}],"version-history":[{"count":18,"href":"https:\/\/emsee.fr\/index.php\/wp-json\/wp\/v2\/pages\/165\/revisions"}],"predecessor-version":[{"id":300,"href":"https:\/\/emsee.fr\/index.php\/wp-json\/wp\/v2\/pages\/165\/revisions\/300"}],"wp:attachment":[{"href":"https:\/\/emsee.fr\/index.php\/wp-json\/wp\/v2\/media?parent=165"}],"curies":[{"name":"wp","href":"https:\/\/api.w.org\/{rel}","templated":true}]}}