{"id":168,"date":"2025-11-18T17:03:20","date_gmt":"2025-11-18T17:03:20","guid":{"rendered":"http:\/\/emsee.fr\/?page_id=168"},"modified":"2025-12-18T16:55:35","modified_gmt":"2025-12-18T16:55:35","slug":"intervention","status":"publish","type":"page","link":"https:\/\/emsee.fr\/index.php\/intervention\/","title":{"rendered":"intervention"},"content":{"rendered":"\n<p class=\"has-didot-font-family has-x-large-font-size\" id=\"entete\"><a href=\"https:\/\/emsee.fr\/index.php\/blog\/\" data-type=\"page\" data-id=\"82\">ems\u00e9e<\/a><\/p>\n\n\n\n<div class=\"wp-block-group is-content-justification-center is-nowrap is-layout-flex wp-container-core-group-is-layout-23441af8 wp-block-group-is-layout-flex\">\n<h2 class=\"wp-block-heading has-text-align-left has-accent-4-color has-text-color has-link-color has-medium-font-size wp-elements-9c12b4687afee6bb033c44a8609ade53 wp-container-content-9cfa9a5a\" style=\"border-style:none;border-width:0px;margin-top:var(--wp--preset--spacing--50);margin-bottom:var(--wp--preset--spacing--50)\"><a href=\"https:\/\/emsee.fr\/index.php\/demarche\/\">d\u00e9marche<\/a><\/h2>\n\n\n\n<h2 class=\"wp-block-heading has-text-align-center has-accent-4-color has-text-color has-link-color has-medium-font-size wp-elements-f72e6343a98c8d9fe4578a3b7fa5822a wp-container-content-9cfa9a5a\" style=\"border-style:none;border-width:0px;margin-top:var(--wp--preset--spacing--50);margin-bottom:var(--wp--preset--spacing--50)\"><a href=\"https:\/\/emsee.fr\/index.php\/intervention\/\">intervention<\/a><\/h2>\n\n\n\n<h2 class=\"wp-block-heading has-text-align-center has-accent-4-color has-text-color has-link-color has-medium-font-size wp-elements-b7eec113009fcadb76060d6c6188e159 wp-container-content-9cfa9a5a\" style=\"border-style:none;border-width:0px;margin-top:var(--wp--preset--spacing--50);margin-bottom:var(--wp--preset--spacing--50)\"><a href=\"https:\/\/emsee.fr\/index.php\/equipe\/\">\u00e9quipe<\/a><\/h2>\n\n\n\n<h2 class=\"wp-block-heading has-text-align-right has-accent-4-color has-text-color has-link-color has-medium-font-size wp-elements-e16100a9544f5af24606f8e40f77bd87 wp-container-content-9cfa9a5a\" style=\"border-style:none;border-width:0px;margin-top:var(--wp--preset--spacing--50);margin-bottom:var(--wp--preset--spacing--50)\"><a href=\"https:\/\/emsee.fr\/index.php\/contact\/\" data-type=\"page\" data-id=\"82\">contact<\/a><\/h2>\n<\/div>\n\n\n\n<h3 class=\"wp-block-heading has-text-align-center has-arial-font-family has-medium-font-size\" id=\"intervention\">intervention<\/h3>\n\n\n\n<p class=\"has-text-align-center has-didot-font-family has-x-large-font-size\"><strong><em>accompagner chaque \u00e9tape du projet<\/em><\/strong><\/p>\n\n\n\n<p class=\"has-arial-font-family has-small-font-size\">Nous proposons une offre d\u2019appui strat\u00e9gique et op\u00e9rationnel \u00e0 destination des acteurs de l\u2019immobilier, de la construction, de la ma\u00eetrise d\u2019ouvrage et de la ma\u00eetrise d\u2019\u0153uvre confront\u00e9s \u00e0 des projets complexes, des d\u00e9lais serr\u00e9s et des contraintes multiples. <\/p>\n\n\n\n<p class=\"has-arial-font-family has-small-font-size\">Nous intervenons comme des catalyseurs, en apportant :<\/p>\n\n\n\n<ul class=\"wp-block-list has-small-font-size\">\n<li class=\"has-arial-font-family has-small-font-size\" style=\"line-height:1\">vision claire et globale de tout l\u2019\u00e9cosyst\u00e8me,<\/li>\n\n\n\n<li class=\"has-arial-font-family has-small-font-size\" style=\"line-height:1\">un positionnement capable d\u2019amener \u00e0 la fois clart\u00e9, coh\u00e9rence et justesse relationnelle<\/li>\n\n\n\n<li class=\"has-arial-font-family has-small-font-size\" style=\"line-height:1\">capacit\u00e9 \u00e0 d\u00e9bloquer les situations complexes,<\/li>\n\n\n\n<li class=\"has-arial-font-family has-small-font-size\" style=\"line-height:1\">agilit\u00e9 fortement ancr\u00e9e dans le r\u00e9el op\u00e9rationnel<\/li>\n<\/ul>\n\n\n\n<p class=\"has-arial-font-family has-small-font-size\">Il s&rsquo;agit de transformer la complexit\u00e9 des projets en trajectoires ma\u00eetris\u00e9es et efficaces :<\/p>\n\n\n\n<figure class=\"wp-block-image size-large\"><img loading=\"lazy\" decoding=\"async\" width=\"851\" height=\"1024\" src=\"https:\/\/emsee.fr\/wp-content\/uploads\/2025\/12\/emsee-presentation_2025_4-851x1024.jpg\" alt=\"\" class=\"wp-image-405\" srcset=\"https:\/\/emsee.fr\/wp-content\/uploads\/2025\/12\/emsee-presentation_2025_4-851x1024.jpg 851w, https:\/\/emsee.fr\/wp-content\/uploads\/2025\/12\/emsee-presentation_2025_4-249x300.jpg 249w, https:\/\/emsee.fr\/wp-content\/uploads\/2025\/12\/emsee-presentation_2025_4-768x924.jpg 768w, https:\/\/emsee.fr\/wp-content\/uploads\/2025\/12\/emsee-presentation_2025_4-1277x1536.jpg 1277w, https:\/\/emsee.fr\/wp-content\/uploads\/2025\/12\/emsee-presentation_2025_4-1702x2048.jpg 1702w\" sizes=\"auto, (max-width: 851px) 100vw, 851px\" \/><\/figure>\n\n\n\n<div class=\"wp-block-group has-global-padding is-layout-constrained wp-block-group-is-layout-constrained\">\n<hr class=\"wp-block-separator has-alpha-channel-opacity\" style=\"margin-top:var(--wp--preset--spacing--40);margin-bottom:var(--wp--preset--spacing--40)\"\/>\n<\/div>\n\n\n\n<p class=\"has-accent-4-color has-text-color has-link-color has-arial-font-family has-small-font-size wp-elements-4feba159e71b346901b2c5cb90b5430c\"><a href=\"#entete\">haut de page<\/a><\/p>\n\n\n\n<h2 class=\"wp-block-heading has-arial-font-family\" style=\"margin-top:var(--wp--preset--spacing--60);margin-bottom:var(--wp--preset--spacing--60);font-size:0.7rem\"><em><a href=\"https:\/\/emsee.fr\/index.php\/mentions\/\" data-type=\"page\" data-id=\"143\">mentions l\u00e9gales<\/a><\/em><\/h2>\n","protected":false},"excerpt":{"rendered":"<p>ems\u00e9e d\u00e9marche intervention \u00e9quipe contact intervention accompagner chaque \u00e9tape du projet Nous proposons une offre d\u2019appui strat\u00e9gique et op\u00e9rationnel \u00e0 destination des acteurs de l\u2019immobilier, de la construction, de la ma\u00eetrise d\u2019ouvrage et de la ma\u00eetrise d\u2019\u0153uvre confront\u00e9s \u00e0 des projets complexes, des d\u00e9lais serr\u00e9s et des contraintes multiples. Nous intervenons comme des catalyseurs, en [&hellip;]<\/p>\n","protected":false},"author":1,"featured_media":0,"parent":0,"menu_order":0,"comment_status":"closed","ping_status":"closed","template":"","meta":{"footnotes":""},"class_list":["post-168","page","type-page","status-publish","hentry"],"_links":{"self":[{"href":"https:\/\/emsee.fr\/index.php\/wp-json\/wp\/v2\/pages\/168","targetHints":{"allow":["GET"]}}],"collection":[{"href":"https:\/\/emsee.fr\/index.php\/wp-json\/wp\/v2\/pages"}],"about":[{"href":"https:\/\/emsee.fr\/index.php\/wp-json\/wp\/v2\/types\/page"}],"author":[{"embeddable":true,"href":"https:\/\/emsee.fr\/index.php\/wp-json\/wp\/v2\/users\/1"}],"replies":[{"embeddable":true,"href":"https:\/\/emsee.fr\/index.php\/wp-json\/wp\/v2\/comments?post=168"}],"version-history":[{"count":27,"href":"https:\/\/emsee.fr\/index.php\/wp-json\/wp\/v2\/pages\/168\/revisions"}],"predecessor-version":[{"id":406,"href":"https:\/\/emsee.fr\/index.php\/wp-json\/wp\/v2\/pages\/168\/revisions\/406"}],"wp:attachment":[{"href":"https:\/\/emsee.fr\/index.php\/wp-json\/wp\/v2\/media?parent=168"}],"curies":[{"name":"wp","href":"https:\/\/api.w.org\/{rel}","templated":true}]}}