{"id":171,"date":"2025-11-18T17:02:42","date_gmt":"2025-11-18T17:02:42","guid":{"rendered":"http:\/\/emsee.fr\/?page_id=171"},"modified":"2025-12-17T16:50:02","modified_gmt":"2025-12-17T16:50:02","slug":"equipe","status":"publish","type":"page","link":"https:\/\/emsee.fr\/index.php\/equipe\/","title":{"rendered":"\u00e9quipe &#038; r\u00e9f"},"content":{"rendered":"\n<p class=\"has-didot-font-family has-x-large-font-size\" id=\"entete\"><a href=\"https:\/\/emsee.fr\/index.php\/blog\/\" data-type=\"page\" data-id=\"82\">ems\u00e9e<\/a><\/p>\n\n\n\n<div class=\"wp-block-group is-content-justification-center is-nowrap is-layout-flex wp-container-core-group-is-layout-23441af8 wp-block-group-is-layout-flex\">\n<h2 class=\"wp-block-heading has-text-align-left has-accent-4-color has-text-color has-link-color has-medium-font-size wp-elements-9c12b4687afee6bb033c44a8609ade53 wp-container-content-9cfa9a5a\" style=\"border-style:none;border-width:0px;margin-top:var(--wp--preset--spacing--50);margin-bottom:var(--wp--preset--spacing--50)\"><a href=\"https:\/\/emsee.fr\/index.php\/demarche\/\">d\u00e9marche<\/a><\/h2>\n\n\n\n<h2 class=\"wp-block-heading has-text-align-center has-accent-4-color has-text-color has-link-color has-medium-font-size wp-elements-f72e6343a98c8d9fe4578a3b7fa5822a wp-container-content-9cfa9a5a\" style=\"border-style:none;border-width:0px;margin-top:var(--wp--preset--spacing--50);margin-bottom:var(--wp--preset--spacing--50)\"><a href=\"https:\/\/emsee.fr\/index.php\/intervention\/\">intervention<\/a><\/h2>\n\n\n\n<h2 class=\"wp-block-heading has-text-align-center has-accent-4-color has-text-color has-link-color has-medium-font-size wp-elements-b7eec113009fcadb76060d6c6188e159 wp-container-content-9cfa9a5a\" style=\"border-style:none;border-width:0px;margin-top:var(--wp--preset--spacing--50);margin-bottom:var(--wp--preset--spacing--50)\"><a href=\"https:\/\/emsee.fr\/index.php\/equipe\/\">\u00e9quipe<\/a><\/h2>\n\n\n\n<h2 class=\"wp-block-heading has-text-align-right has-accent-4-color has-text-color has-link-color has-medium-font-size wp-elements-e16100a9544f5af24606f8e40f77bd87 wp-container-content-9cfa9a5a\" style=\"border-style:none;border-width:0px;margin-top:var(--wp--preset--spacing--50);margin-bottom:var(--wp--preset--spacing--50)\"><a href=\"https:\/\/emsee.fr\/index.php\/contact\/\" data-type=\"page\" data-id=\"82\">contact<\/a><\/h2>\n<\/div>\n\n\n\n<h3 class=\"wp-block-heading has-text-align-center has-arial-font-family has-medium-font-size\" id=\"equipe\" style=\"margin-top:var(--wp--preset--spacing--30);margin-bottom:var(--wp--preset--spacing--30)\">\u00e9quipe<\/h3>\n\n\n\n<p class=\"has-text-align-center has-didot-font-family has-x-large-font-size\"><strong><em>une vision globale et op\u00e9rationnelle<\/em><\/strong><\/p>\n\n\n\n<div class=\"wp-block-group is-vertical is-layout-flex wp-container-core-group-is-layout-fe9cc265 wp-block-group-is-layout-flex\">\n<p class=\"has-arial-font-family has-medium-font-size\" style=\"line-height:1\">Une double expertise :<\/p>\n\n\n\n<ul class=\"wp-block-list has-arial-font-family has-small-font-size\">\n<li class=\"has-arial-font-family has-small-font-size\"><strong>Management de projet<\/strong> (planification, coordination, pilotage op\u00e9rationnel)<\/li>\n\n\n\n<li class=\"has-arial-font-family has-small-font-size\" style=\"margin-top:0;margin-bottom:0\"><strong>Ma\u00eetrise d\u2019ouvrage et montage immobilier<\/strong> (juridique, administratif, r\u00e9glementaire, financier)<\/li>\n<\/ul>\n\n\n\n<h2 class=\"wp-block-heading has-didot-font-family has-medium-font-size\">Claire<\/h2>\n\n\n\n<div class=\"wp-block-group has-global-padding is-layout-constrained wp-block-group-is-layout-constrained\">\n<div class=\"wp-block-media-text is-stacked-on-mobile\" style=\"grid-template-columns:36% auto\"><figure class=\"wp-block-media-text__media\"><a href=\"mailto:claire@emsee.fr\"><img loading=\"lazy\" decoding=\"async\" width=\"1024\" height=\"867\" src=\"https:\/\/emsee.fr\/wp-content\/uploads\/2025\/11\/emsee_bd-06-scaled-e1763487518488-1024x867.jpg\" alt=\"\" class=\"wp-image-205 size-full\" srcset=\"https:\/\/emsee.fr\/wp-content\/uploads\/2025\/11\/emsee_bd-06-scaled-e1763487518488-1024x867.jpg 1024w, https:\/\/emsee.fr\/wp-content\/uploads\/2025\/11\/emsee_bd-06-scaled-e1763487518488-300x254.jpg 300w, https:\/\/emsee.fr\/wp-content\/uploads\/2025\/11\/emsee_bd-06-scaled-e1763487518488-768x650.jpg 768w, https:\/\/emsee.fr\/wp-content\/uploads\/2025\/11\/emsee_bd-06-scaled-e1763487518488-1536x1300.jpg 1536w, https:\/\/emsee.fr\/wp-content\/uploads\/2025\/11\/emsee_bd-06-scaled-e1763487518488.jpg 2015w\" sizes=\"auto, (max-width: 1024px) 100vw, 1024px\" \/><\/a><\/figure><div class=\"wp-block-media-text__content\">\n<p class=\"has-arial-font-family has-small-font-size\"><strong>Experte en pilotage d\u2019op\u00e9rations immobili\u00e8res avec plus de 20 ans d\u2019exp\u00e9rience, elle allie vision strat\u00e9gique et expertise pluridisciplinaire dans la conduite de projets de construction, r\u00e9habilitation et valorisation immobili\u00e8re. Elle a d\u00e9velopp\u00e9 une solide ma\u00eetrise du pilotage op\u00e9rationnel, administratif et financier, <\/strong>du <strong>montage juridique et contractuel, ainsi que de la gouvernance de projet et de la coordination d\u2019acteurs multiples<\/strong>. Elle d\u00e9bute sa carri\u00e8re en 2002 en agences d\u2019architecture, o\u00f9 elle acquiert une exp\u00e9rience compl\u00e8te sur des projets vari\u00e9s en France et \u00e0 l\u2019international. <\/p>\n<\/div><\/div>\n\n\n\n<div class=\"wp-block-group has-global-padding is-layout-constrained wp-block-group-is-layout-constrained\">\n<p class=\"has-arial-font-family has-small-font-size wp-container-content-9cfa9a5a\" style=\"margin-top:0;margin-bottom:0\">En 2010, elle rejoint AREP, filiale de SNCF Gares &amp; Connexions, en tant que chef de projet architecte. Elle y pilote notamment la r\u00e9habilitation du si\u00e8ge de Gares &amp; Connexions \u00e0 Paris et plusieurs projets internationaux. Elle \u00e9volue ensuite vers des fonctions transversales au sein de la Direction du D\u00e9veloppement, en tant que Responsable de l\u2019\u00e9quipe Offres Groupe, coordonnant huit collaborateurs et supervisant pr\u00e8s de 200 dossiers par an en France et \u00e0 l\u2019\u00e9tranger. <\/p>\n\n\n\n<p class=\"has-arial-font-family has-small-font-size wp-container-content-9cfa9a5a\" style=\"margin-top:0;margin-bottom:0\">En 2018, elle int\u00e8gre Corelo Conseil et Ex\u00e9cution en tant que consultante senior AMO, o\u00f9 elle accompagne des ma\u00eetres d\u2019ouvrage et des architectes sur la n\u00e9gociation contractuelle et la coordination de projets de grande envergure. <\/p>\n\n\n\n<p class=\"has-arial-font-family has-small-font-size wp-container-content-9cfa9a5a\" style=\"margin-top:0;margin-bottom:0\">En 2021, elle devient Directrice de projets de ma\u00eetrise d\u2019ouvrage au sein de Sogaris, o\u00f9 elle pilote des op\u00e9rations strat\u00e9giques m\u00ealant immobilier, logistique urbaine et transition \u00e9nerg\u00e9tique : h\u00f4tels logistiques, r\u00e9habilitations embl\u00e9matiques, bilan carbone, plan solaire et contractualisation d\u2019op\u00e9rations complexes (CPI, VEFA, acquisitions).<\/p>\n\n\n\n<p class=\"has-arial-font-family has-small-font-size wp-container-content-9cfa9a5a\" style=\"margin-top:0;margin-bottom:0\">De 2017 \u00e0 2023, elle enseigne le Management de Projet en Master G\u00e9nie Civil \u00e0 l\u2019\u00c9cole des Ponts et Chauss\u00e9es, transmettant son savoir-faire en conduite de projets complexes et en coordination d\u2019acteurs.<\/p>\n\n\n\n<p class=\"has-arial-font-family has-small-font-size wp-container-content-9cfa9a5a\" style=\"margin-top:0;margin-bottom:0\">Son parcours illustre une capacit\u00e9 \u00e9prouv\u00e9e \u00e0 structurer les op\u00e9rations, fluidifier la prise de d\u00e9cision et garantir la coh\u00e9rence strat\u00e9gique, technique et financi\u00e8re des projets les plus exigeants.<\/p>\n\n\n\n<p class=\"has-arial-font-family has-small-font-size wp-container-content-9cfa9a5a\" style=\"margin-top:0;margin-bottom:0\">En 2025, elle s\u2019associe \u00e0 Matthieu Lesteven pour fonder ems\u00e9e, structure de conseil et d\u2019assistance \u00e0 tous les acteurs de l\u2019immobilier.<br>Son parcours illustre une capacit\u00e9 \u00e9prouv\u00e9e \u00e0 structurer les op\u00e9rations, fluidifier la prise de d\u00e9cision et garantir la coh\u00e9rence strat\u00e9gique, technique et financi\u00e8re des projets les plus exigeants.<\/p>\n<\/div>\n<\/div>\n\n\n\n<h2 class=\"wp-block-heading has-didot-font-family has-medium-font-size\">Matthieu<\/h2>\n\n\n\n<div class=\"wp-block-media-text is-stacked-on-mobile\" style=\"grid-template-columns:35% auto\"><figure class=\"wp-block-media-text__media\"><a href=\"mailto:matthieu@emsee.fr\"><img loading=\"lazy\" decoding=\"async\" width=\"1024\" height=\"873\" src=\"https:\/\/emsee.fr\/wp-content\/uploads\/2025\/11\/emsee_bd-07-scaled-e1763475480928-1024x873.jpg\" alt=\"\" class=\"wp-image-206 size-full\" srcset=\"https:\/\/emsee.fr\/wp-content\/uploads\/2025\/11\/emsee_bd-07-scaled-e1763475480928-1024x873.jpg 1024w, https:\/\/emsee.fr\/wp-content\/uploads\/2025\/11\/emsee_bd-07-scaled-e1763475480928-300x256.jpg 300w, https:\/\/emsee.fr\/wp-content\/uploads\/2025\/11\/emsee_bd-07-scaled-e1763475480928-768x655.jpg 768w, https:\/\/emsee.fr\/wp-content\/uploads\/2025\/11\/emsee_bd-07-scaled-e1763475480928-1536x1309.jpg 1536w, https:\/\/emsee.fr\/wp-content\/uploads\/2025\/11\/emsee_bd-07-scaled-e1763475480928.jpg 1707w\" sizes=\"auto, (max-width: 1024px) 100vw, 1024px\" \/><\/a><\/figure><div class=\"wp-block-media-text__content\">\n<p class=\"has-arial-font-family has-small-font-size\">Expert en management de projet avec plus de 20 ans d\u2019exp\u00e9rience dans la conduite de projets complexes et pluridisciplinaires, il a d\u00e9velopp\u00e9 une expertise solide dans la planification, la coordination et la livraison de projets \u00e0 forts enjeux.<br>Il commence sa carri\u00e8re dans une jeune agence, o\u00f9 il acquiert une m\u00e9thodologie rigoureuse et une vision globale du pilotage de projet, en participant activement \u00e0 la croissance d\u2019une structure en plein essor.<\/p>\n<\/div><\/div>\n\n\n\n<p class=\"has-arial-font-family has-small-font-size\">En 2006, il rejoint l\u2019agence Dusapin &amp; Leclercq en tant que chef de projet puis directeur de projet, o\u00f9 il affine ses comp\u00e9tences en gestion de projets exigeants, tels que des laboratoires pour le CNRS ou des programmes de logements int\u00e9grant des contraintes techniques majeures (tunnels ferroviaires \u00e0 Nanterre).<br>De 2010 \u00e0 2013, il contribue \u00e0 la cr\u00e9ation et au d\u00e9veloppement d\u2019une nouvelle agence en tant que directeur des op\u00e9rations, supervisant des projets de logements et d\u2019\u00e9quipements publics, et renfor\u00e7ant sa capacit\u00e9 \u00e0 aligner les objectifs strat\u00e9giques avec les r\u00e9alit\u00e9s op\u00e9rationnelles.<br>En 2013, il int\u00e8gre AREP en tant que directeur de studio, o\u00f9 il pilote des projets d\u2019envergure dans les secteurs des transports et des infrastructures, notamment pour la SNCF. Il y coordonne des \u00e9quipes pluridisciplinaires et g\u00e8re des projets en sites occup\u00e9s, comme la r\u00e9novation des gares Montparnasse et d\u2019Austerlitz, ou le projet de la gare maritime du Naye \u00e0 Saint-Malo.<br>En 2021, il prend la direction de l\u2019agence MPA, o\u00f9 il supervise l\u2019ensemble des activit\u00e9s : planification des ressources, affectation des projets, coordination avec les travaux, et suivi des engagements de planning. Il assure \u00e9galement le d\u00e9ploiement op\u00e9rationnel, le suivi contractuel, administratif et budg\u00e9taire de tous les projets, avant de reprendre la direction d\u2019un studio chez Richez Associ\u00e9s en 2023.<br>En 2025, il fonde ems\u00e9e avec Claire Cinotti.<br>Son parcours illustre une capacit\u00e9 \u00e9prouv\u00e9e \u00e0 manager des \u00e9quipes, optimiser les processus, et garantir la r\u00e9ussite des projets dans des environnements exigeants et multiformes.<\/p>\n\n\n\n<p class=\"has-arial-font-family has-medium-font-size\" style=\"line-height:1\"><strong>Une posture de tiers de confiance<\/strong> :<\/p>\n\n\n\n<ul class=\"wp-block-list has-arial-font-family has-small-font-size\">\n<li class=\"has-arial-font-family has-small-font-size\" style=\"margin-top:0;margin-bottom:0\">Nous intervenons entre ma\u00eetrise d\u2019ouvrage, ma\u00eetrise d\u2019\u0153uvre et exploitation pour fluidifier les \u00e9changes et garantir la coh\u00e9rence d\u2019ensemble.<\/li>\n\n\n\n<li class=\"has-arial-font-family has-small-font-size\" style=\"margin-top:0;margin-bottom:0\">Une m\u00e9thode commune : clart\u00e9, coh\u00e9rence, mouvement<\/li>\n<\/ul>\n<\/div>\n\n\n\n<p class=\"has-arial-font-family has-medium-font-size\" style=\"margin-top:var(--wp--preset--spacing--30);margin-bottom:var(--wp--preset--spacing--30)\">S<strong>avoir-faire<\/strong> : pilotage, management, expertise immobili\u00e8re et technique :<\/p>\n\n\n\n<div class=\"wp-block-columns is-not-stacked-on-mobile is-layout-flex wp-container-core-columns-is-layout-28f84493 wp-block-columns-is-layout-flex\">\n<div class=\"wp-block-column is-vertically-aligned-stretch is-layout-flow wp-block-column-is-layout-flow\">\n<p class=\"has-arial-font-family has-small-font-size\" style=\"line-height:1\">Piloter les projets complexes<\/p>\n\n\n\n<p class=\"has-arial-font-family has-small-font-size\" style=\"line-height:1\">Appui r\u00e9glementaire et contractuel<\/p>\n\n\n\n<p class=\"has-arial-font-family has-small-font-size\" style=\"line-height:1\">Structurer les op\u00e9rations<\/p>\n\n\n\n<p class=\"has-arial-font-family has-small-font-size\" style=\"line-height:1\">Accompagnement op\u00e9rationnel<\/p>\n\n\n\n<p class=\"has-arial-font-family has-small-font-size\" style=\"line-height:1\">Vision strat\u00e9gique<\/p>\n<\/div>\n\n\n\n<div class=\"wp-block-column is-layout-flow wp-block-column-is-layout-flow\">\n<p class=\"has-arial-font-family has-small-font-size\" style=\"line-height:1\">Manager la complexit\u00e9<\/p>\n\n\n\n<p class=\"has-arial-font-family has-small-font-size\" style=\"line-height:1\">Aligner strat\u00e9gie et op\u00e9rationnel<\/p>\n\n\n\n<p class=\"has-arial-font-family has-small-font-size\" style=\"line-height:1\">F\u00e9d\u00e9rer les \u00e9quipes et les acteurs<\/p>\n\n\n\n<p class=\"has-arial-font-family has-small-font-size\" style=\"line-height:1\">Piloter les projets \u00e0 forts enjeux<\/p>\n\n\n\n<p class=\"has-arial-font-family has-small-font-size\" style=\"line-height:1\">Assurer la ma\u00eetrise des ressources et des d\u00e9lai<\/p>\n<\/div>\n<\/div>\n\n\n\n<div class=\"wp-block-group has-global-padding is-layout-constrained wp-block-group-is-layout-constrained\">\n<hr class=\"wp-block-separator has-alpha-channel-opacity\" style=\"margin-top:var(--wp--preset--spacing--40);margin-bottom:var(--wp--preset--spacing--40)\"\/>\n<\/div>\n\n\n\n<h3 class=\"wp-block-heading has-text-align-center has-arial-font-family has-medium-font-size\" id=\"references\">nos exp\u00e9riences<\/h3>\n\n\n\n<p class=\"has-arial-font-family has-medium-font-size\" id=\"references\"><strong>Assistance \u00e0 maitrise d&rsquo;ouvrage<\/strong><\/p>\n\n\n\n<div class=\"wp-block-columns is-layout-flex wp-container-core-columns-is-layout-28f84493 wp-block-columns-is-layout-flex\">\n<div class=\"wp-block-column has-global-padding is-content-justification-left is-layout-constrained wp-container-core-column-is-layout-12dd3699 wp-block-column-is-layout-constrained\">\n<p class=\"has-arial-font-family has-small-font-size\" style=\"margin-top:0;margin-bottom:0\">H\u00f4tel Logistique des Ardoines \u2013 Vitry Sur Seine<\/p>\n\n\n\n<p class=\"has-arial-font-family has-small-font-size\" style=\"margin-top:0;margin-bottom:0\">H\u00f4tel industriel Les Amarres \u2013 Paris<\/p>\n\n\n\n<p class=\"has-arial-font-family has-small-font-size\" style=\"margin-top:0;margin-bottom:0\">L\u2019Immeuble Invers\u00e9 \u2013 Grenier Saint Lazare \u2013 Paris<\/p>\n\n\n\n<p class=\"has-arial-font-family has-small-font-size\" style=\"margin-top:0;margin-bottom:0\">Transformation d\u2019un parking priv\u00e9 en \u00c9quipement Urbain de Logistique &#8211; Montrouge<\/p>\n\n\n\n<p class=\"has-arial-font-family has-small-font-size\" style=\"margin-top:0;margin-bottom:0\">H\u00f4tel Logistique Chapelle International \u2013 Paris<\/p>\n\n\n\n<p class=\"has-arial-font-family has-small-font-size\" style=\"margin-top:0;margin-bottom:0\">Tour Emblem (ex tour C\u00e8dre) &#8211; La D\u00e9fense<\/p>\n\n\n\n<p class=\"has-arial-font-family has-small-font-size\" style=\"margin-top:0;margin-bottom:0\">Restaurant Gastronomique Etoil\u00e9 et espaces associ\u00e9s Paris &#8211; MO Tour d\u2019Argent<\/p>\n\n\n\n<p class=\"has-arial-font-family has-small-font-size\" style=\"margin-top:0;margin-bottom:0\">AMO People Mover, a\u00e9roport de Roissy Charles de Gaulle<\/p>\n\n\n\n<p class=\"has-arial-font-family has-small-font-size\" style=\"margin-top:0;margin-bottom:0\">AMO projet de modernisation de la gare Paris Nord<\/p>\n\n\n\n<p class=\"has-arial-font-family has-small-font-size\" style=\"margin-top:0;margin-bottom:0\">AMO projet de modernisation de la gare Paris Montparnasse<\/p>\n\n\n\n<p class=\"has-arial-font-family has-small-font-size\" style=\"margin-top:0;margin-bottom:0\">AMO projet de modernisation de la gare Paris Austerlitz<\/p>\n\n\n\n<p class=\"has-arial-font-family has-medium-font-size\" id=\"references\" style=\"margin-top:var(--wp--preset--spacing--40);margin-bottom:var(--wp--preset--spacing--40);line-height:0.5\"><strong>Management de projet<\/strong><\/p>\n<\/div>\n<\/div>\n\n\n\n<p class=\"has-arial-font-family has-small-font-size\" style=\"margin-top:0;margin-bottom:0\">Cleveland Clinic &#8211; Abu Dhabi &#8211; \u00c9mirats Arabes Unis<\/p>\n\n\n\n<p class=\"has-arial-font-family has-small-font-size\" style=\"margin-top:0;margin-bottom:0\">Construction d\u2019un ensemble de 166 logements (accession &amp; social) &#8211; Nanterre<\/p>\n\n\n\n<p class=\"has-arial-font-family has-small-font-size\" style=\"margin-top:0;margin-bottom:0\">Extension-restructuration de l\u2019\u00c9cole Nationale Sup\u00e9rieure de Chimie &#8211; Mulhouse<\/p>\n\n\n\n<p class=\"has-arial-font-family has-small-font-size\" style=\"margin-top:0;margin-bottom:0\">D\u00e9veloppement du projet de modernisation de la gare Paris Montparnasse<\/p>\n\n\n\n<p class=\"has-arial-font-family has-small-font-size\" style=\"margin-top:0;margin-bottom:0\">R\u00e9novation de la librairie boutique du Mus\u00e9e de Louvre &#8211; Paris<\/p>\n\n\n\n<p class=\"has-arial-font-family has-small-font-size\" style=\"margin-top:0;margin-bottom:0\">D\u00e9veloppement du projet de modernisation de la gare Paris Nord<\/p>\n\n\n\n<p class=\"has-arial-font-family has-small-font-size\" style=\"margin-top:0;margin-bottom:0\">D\u00e9veloppement du projet de modernisation de la gare Paris Austerlitz<\/p>\n\n\n\n<p class=\"has-arial-font-family has-small-font-size\" style=\"margin-top:0;margin-bottom:0\">R\u00e9novation de la Grande halle Voyageurs de la gare Paris Austerlitz<\/p>\n\n\n\n<p class=\"has-arial-font-family has-small-font-size\" style=\"margin-top:0;margin-bottom:0\">Extension du terminal Transmanche de la gare Paris Nord<\/p>\n\n\n\n<p class=\"has-arial-font-family has-small-font-size\" style=\"margin-top:0;margin-bottom:0\">R\u00e9am\u00e9nagement du quai transversal de la gare Paris Nord<\/p>\n\n\n\n<p class=\"has-arial-font-family has-small-font-size\" style=\"margin-top:0;margin-bottom:0\">R\u00e9novation, extension et r\u00e9habilitation des usines Panhard &amp; Levassor en bureaux &#8211; Paris<\/p>\n\n\n\n<p class=\"has-arial-font-family has-small-font-size\" style=\"margin-top:0;margin-bottom:0\">Gare internationale &#8211; Saint-Jean-de-Maurienne<\/p>\n\n\n\n<p class=\"has-arial-font-family has-small-font-size\" style=\"margin-top:0;margin-bottom:0\">R\u00e9alisation de la gare \u00ab transitoire \u00bb &#8211; St-Jean-de-Maurienne<\/p>\n\n\n\n<p class=\"has-arial-font-family has-small-font-size\" style=\"margin-top:0;margin-bottom:0\">R\u00e9alisation du b\u00e2timent Commande Centralis\u00e9e du R\u00e9seau Hauts de France &#8211; Lille<\/p>\n\n\n\n<p class=\"has-arial-font-family has-small-font-size\" style=\"margin-top:0;margin-bottom:0\">Gare Maritime du Naye &#8211; Saint-Malo<\/p>\n\n\n\n<p class=\"has-arial-font-family has-small-font-size\" style=\"margin-top:0;margin-bottom:0\">Gare Maritime Internationale du Cap Janet &#8211; Marseille<\/p>\n\n\n\n<p class=\"has-arial-font-family has-small-font-size\" style=\"margin-top:0;margin-bottom:0\">Parc de stationnement &#8211; Arles<\/p>\n\n\n\n<div class=\"wp-block-group has-global-padding is-layout-constrained wp-block-group-is-layout-constrained\">\n<hr class=\"wp-block-separator has-alpha-channel-opacity\" style=\"margin-top:var(--wp--preset--spacing--40);margin-bottom:var(--wp--preset--spacing--40)\"\/>\n<\/div>\n\n\n\n<p class=\"has-accent-4-color has-text-color has-link-color has-arial-font-family has-small-font-size wp-elements-4feba159e71b346901b2c5cb90b5430c\"><a href=\"#entete\">haut de page<\/a><\/p>\n\n\n\n<p><\/p>\n\n\n\n<h2 class=\"wp-block-heading has-arial-font-family\" style=\"margin-top:var(--wp--preset--spacing--60);margin-bottom:var(--wp--preset--spacing--60);font-size:0.7rem\"><em><a href=\"https:\/\/emsee.fr\/index.php\/mentions\/\" data-type=\"page\" data-id=\"143\">mentions l\u00e9gales<\/a><\/em><\/h2>\n","protected":false},"excerpt":{"rendered":"<p>ems\u00e9e d\u00e9marche intervention \u00e9quipe contact \u00e9quipe une vision globale et op\u00e9rationnelle Une double expertise : Claire Experte en pilotage d\u2019op\u00e9rations immobili\u00e8res avec plus de 20 ans d\u2019exp\u00e9rience, elle allie vision strat\u00e9gique et expertise pluridisciplinaire dans la conduite de projets de construction, r\u00e9habilitation et valorisation immobili\u00e8re. Elle a d\u00e9velopp\u00e9 une solide ma\u00eetrise du pilotage op\u00e9rationnel, administratif [&hellip;]<\/p>\n","protected":false},"author":1,"featured_media":0,"parent":0,"menu_order":0,"comment_status":"closed","ping_status":"closed","template":"","meta":{"footnotes":""},"class_list":["post-171","page","type-page","status-publish","hentry"],"_links":{"self":[{"href":"https:\/\/emsee.fr\/index.php\/wp-json\/wp\/v2\/pages\/171","targetHints":{"allow":["GET"]}}],"collection":[{"href":"https:\/\/emsee.fr\/index.php\/wp-json\/wp\/v2\/pages"}],"about":[{"href":"https:\/\/emsee.fr\/index.php\/wp-json\/wp\/v2\/types\/page"}],"author":[{"embeddable":true,"href":"https:\/\/emsee.fr\/index.php\/wp-json\/wp\/v2\/users\/1"}],"replies":[{"embeddable":true,"href":"https:\/\/emsee.fr\/index.php\/wp-json\/wp\/v2\/comments?post=171"}],"version-history":[{"count":41,"href":"https:\/\/emsee.fr\/index.php\/wp-json\/wp\/v2\/pages\/171\/revisions"}],"predecessor-version":[{"id":399,"href":"https:\/\/emsee.fr\/index.php\/wp-json\/wp\/v2\/pages\/171\/revisions\/399"}],"wp:attachment":[{"href":"https:\/\/emsee.fr\/index.php\/wp-json\/wp\/v2\/media?parent=171"}],"curies":[{"name":"wp","href":"https:\/\/api.w.org\/{rel}","templated":true}]}}