{"id":285,"date":"2025-11-19T16:35:57","date_gmt":"2025-11-19T16:35:57","guid":{"rendered":"http:\/\/emsee.fr\/?page_id=285"},"modified":"2025-11-25T13:58:43","modified_gmt":"2025-11-25T13:58:43","slug":"contact","status":"publish","type":"page","link":"https:\/\/emsee.fr\/index.php\/contact\/","title":{"rendered":"contact"},"content":{"rendered":"\n<p class=\"has-didot-font-family has-large-font-size\" id=\"contact\">contact<\/p>\n\n\n\n<p class=\"has-didot-font-family has-xx-large-font-size\" style=\"line-height:1;text-decoration:none\"><a href=\"https:\/\/emsee.fr\/index.php\/blog\/\" data-type=\"page\" data-id=\"82\">ems\u00e9e<\/a><\/p>\n\n\n\n<p class=\"has-arial-font-family has-small-font-size\" style=\"line-height:0\">19 rue Claude Bernard <\/p>\n\n\n\n<p class=\"has-arial-font-family has-small-font-size\" style=\"line-height:0\">75005 PARIS<\/p>\n\n\n\n<p class=\"has-arial-font-family has-small-font-size\" style=\"line-height:0\"><a href=\"mailto:office@emsee.fr\" target=\"_blank\" rel=\"noreferrer noopener\">office@emsee.fr<\/a><\/p>\n\n\n\n<p class=\"has-arial-font-family\" style=\"font-size:0.5rem\"><em><a href=\"https:\/\/emsee.fr\/index.php\/mentions\/\" data-type=\"page\" data-id=\"143\">mentions l\u00e9gales<\/a><\/em><\/p>\n\n\n\n<p class=\"has-text-align-right has-arial-font-family has-small-font-size\"><a href=\"https:\/\/emsee.fr\/index.php\/telechargement\/\" data-type=\"page\" data-id=\"310\">T\u00e9l\u00e9chargement<\/a><\/p>\n","protected":false},"excerpt":{"rendered":"<p>contact ems\u00e9e 19 rue Claude Bernard 75005 PARIS office@emsee.fr mentions l\u00e9gales T\u00e9l\u00e9chargement<\/p>\n","protected":false},"author":1,"featured_media":0,"parent":0,"menu_order":0,"comment_status":"closed","ping_status":"closed","template":"","meta":{"footnotes":""},"class_list":["post-285","page","type-page","status-publish","hentry"],"_links":{"self":[{"href":"https:\/\/emsee.fr\/index.php\/wp-json\/wp\/v2\/pages\/285","targetHints":{"allow":["GET"]}}],"collection":[{"href":"https:\/\/emsee.fr\/index.php\/wp-json\/wp\/v2\/pages"}],"about":[{"href":"https:\/\/emsee.fr\/index.php\/wp-json\/wp\/v2\/types\/page"}],"author":[{"embeddable":true,"href":"https:\/\/emsee.fr\/index.php\/wp-json\/wp\/v2\/users\/1"}],"replies":[{"embeddable":true,"href":"https:\/\/emsee.fr\/index.php\/wp-json\/wp\/v2\/comments?post=285"}],"version-history":[{"count":6,"href":"https:\/\/emsee.fr\/index.php\/wp-json\/wp\/v2\/pages\/285\/revisions"}],"predecessor-version":[{"id":379,"href":"https:\/\/emsee.fr\/index.php\/wp-json\/wp\/v2\/pages\/285\/revisions\/379"}],"wp:attachment":[{"href":"https:\/\/emsee.fr\/index.php\/wp-json\/wp\/v2\/media?parent=285"}],"curies":[{"name":"wp","href":"https:\/\/api.w.org\/{rel}","templated":true}]}}