{"id":310,"date":"2025-11-25T10:40:04","date_gmt":"2025-11-25T10:40:04","guid":{"rendered":"http:\/\/emsee.fr\/?page_id=310"},"modified":"2025-11-25T14:05:48","modified_gmt":"2025-11-25T14:05:48","slug":"telechargement","status":"publish","type":"page","link":"https:\/\/emsee.fr\/index.php\/telechargement\/","title":{"rendered":"telechargement"},"content":{"rendered":"\n<p class=\"has-didot-font-family has-xx-large-font-size\"><a href=\"https:\/\/emsee.fr\/\" data-type=\"page\" data-id=\"39\">ems\u00e9e<\/a><\/p>\n\n\n\n<p class=\"has-arial-font-family has-small-font-size\">Pour t\u00e9l\u00e9charger la pr\u00e9sentation PDF d&#8217;ems\u00e9e, veuillez indiquer vos nom et adresse mail :<\/p>\n\n\n<style id=\"wpforms-css-vars-353-block-59e8d9cc-8af3-48c7-802e-0ae46fa7a1f5\">\n\t\t\t\t#wpforms-353.wpforms-block-59e8d9cc-8af3-48c7-802e-0ae46fa7a1f5 {\n\t\t\t\t--wpforms-label-color: #262626;\n--wpforms-label-sublabel-color: #7f7f7f;\n--wpforms-label-error-color: #ff0000;\n--wpforms-page-break-color: #dddddd;\n--wpforms-field-border-style: dotted;\n--wpforms-field-border-radius: 0px;\n--wpforms-field-border-color: #cccccc;\n--wpforms-field-border-color-spare: #cccccc;\n--wpforms-field-text-color: #444444;\n--wpforms-button-border-radius: 0px;\n--wpforms-button-background-color: #dddddd;\n--wpforms-button-text-color: #666666;\n--wpforms-button-border-color: #cccccc;\n--wpforms-field-size-input-height: 31px;\n--wpforms-field-size-input-spacing: 10px;\n--wpforms-field-size-font-size: 14px;\n--wpforms-field-size-line-height: 17px;\n--wpforms-field-size-padding-h: 9px;\n--wpforms-field-size-checkbox-size: 14px;\n--wpforms-field-size-sublabel-spacing: 5px;\n--wpforms-field-size-icon-size: 0.75;\n--wpforms-label-size-font-size: 14px;\n--wpforms-label-size-line-height: 17px;\n--wpforms-label-size-sublabel-font-size: 13px;\n--wpforms-label-size-sublabel-line-height: 16px;\n--wpforms-button-size-font-size: 14px;\n--wpforms-button-size-height: 37px;\n--wpforms-button-size-padding-h: 15px;\n--wpforms-button-size-margin-top: 5px;\n\t\t\t}\n\t\t\t<\/style><div class=\"wpforms-container wpforms-container-full wpforms-block wpforms-block-59e8d9cc-8af3-48c7-802e-0ae46fa7a1f5 wpforms-render-modern\" id=\"wpforms-353\"><form id=\"wpforms-form-353\" class=\"wpforms-validate wpforms-form wpforms-ajax-form\" data-formid=\"353\" method=\"post\" enctype=\"multipart\/form-data\" action=\"\/index.php\/wp-json\/wp\/v2\/pages\/310\" data-token=\"a035c0d491e184774c665ba1921d7411\" data-token-time=\"1775401054\"><noscript class=\"wpforms-error-noscript\">Veuillez activer JavaScript dans votre navigateur pour remplir ce formulaire.<\/noscript><div id=\"wpforms-error-noscript\" style=\"display: none;\">Veuillez activer JavaScript dans votre navigateur pour remplir ce formulaire.<\/div><div class=\"wpforms-field-container\">\t\t<div id=\"wpforms-353-field_4-container\"\n\t\t\tclass=\"wpforms-field wpforms-field-text\"\n\t\t\tdata-field-type=\"text\"\n\t\t\tdata-field-id=\"4\"\n\t\t\t>\n\t\t\t<label class=\"wpforms-field-label\" for=\"wpforms-353-field_4\" >E-mail Consentement Nom<\/label>\n\t\t\t<input type=\"text\" id=\"wpforms-353-field_4\" class=\"wpforms-field-medium\" name=\"wpforms[fields][4]\" >\n\t\t<\/div>\n\t\t<div id=\"wpforms-353-field_1-container\" class=\"wpforms-field wpforms-field-name\" data-field-id=\"1\"><label class=\"wpforms-field-label\" for=\"wpforms-353-field_1\">Nom <span class=\"wpforms-required-label\" aria-hidden=\"true\">*<\/span><\/label><input type=\"text\" id=\"wpforms-353-field_1\" class=\"wpforms-field-medium wpforms-field-required\" name=\"wpforms[fields][1]\" aria-errormessage=\"wpforms-353-field_1-error\" required><\/div><div id=\"wpforms-353-field_2-container\" class=\"wpforms-field wpforms-field-email\" data-field-id=\"2\"><label class=\"wpforms-field-label\" for=\"wpforms-353-field_2\">E-mail <span class=\"wpforms-required-label\" aria-hidden=\"true\">*<\/span><\/label><input type=\"email\" id=\"wpforms-353-field_2\" class=\"wpforms-field-medium wpforms-field-required\" name=\"wpforms[fields][2]\" spellcheck=\"false\" aria-errormessage=\"wpforms-353-field_2-error\" required><\/div><div id=\"wpforms-353-field_3-container\" class=\"wpforms-field wpforms-field-checkbox\" data-field-id=\"3\"><fieldset><legend class=\"wpforms-field-label\">Consentement <span class=\"wpforms-required-label\" aria-hidden=\"true\">*<\/span><\/legend><ul id=\"wpforms-353-field_3\" class=\"wpforms-field-required\"><li class=\"choice-1 depth-1\"><input type=\"checkbox\" id=\"wpforms-353-field_3_1\" name=\"wpforms[fields][3][]\" value=\"J\u2019accepte que mes coordonn\u00e9es soient utilis\u00e9es pour les donn\u00e9es statistiques du site\" aria-errormessage=\"wpforms-353-field_3_1-error\" required ><label class=\"wpforms-field-label-inline\" for=\"wpforms-353-field_3_1\">J\u2019accepte que mes coordonn\u00e9es soient utilis\u00e9es pour les donn\u00e9es statistiques du site<\/label><\/li><\/ul><\/fieldset><\/div><script>\n\t\t\t\t( function() {\n\t\t\t\t\tconst style = document.createElement( 'style' );\n\t\t\t\t\tstyle.appendChild( document.createTextNode( '#wpforms-353-field_4-container { position: absolute !important; overflow: hidden !important; display: inline !important; height: 1px !important; width: 1px !important; z-index: -1000 !important; padding: 0 !important; } #wpforms-353-field_4-container input { visibility: hidden; } #wpforms-conversational-form-page #wpforms-353-field_4-container label { counter-increment: none; }' ) );\n\t\t\t\t\tdocument.head.appendChild( style );\n\t\t\t\t\tdocument.currentScript?.remove();\n\t\t\t\t} )();\n\t\t\t<\/script><\/div><!-- .wpforms-field-container --><div class=\"wpforms-submit-container\" ><input type=\"hidden\" name=\"wpforms[id]\" value=\"353\"><input type=\"hidden\" name=\"page_title\" value=\"\"><input type=\"hidden\" name=\"page_url\" value=\"https:\/\/emsee.fr\/index.php\/wp-json\/wp\/v2\/pages\/310\"><input type=\"hidden\" name=\"url_referer\" value=\"\"><button type=\"submit\" name=\"wpforms[submit]\" id=\"wpforms-submit-353\" class=\"wpforms-submit\" data-alt-text=\"Envoi...\" data-submit-text=\"Aller vers le lien de t\u00e9l\u00e9chargement de la pr\u00e9sentation\" aria-live=\"assertive\" value=\"wpforms-submit\">Aller vers le lien de t\u00e9l\u00e9chargement de la pr\u00e9sentation<\/button><img loading=\"lazy\" decoding=\"async\" src=\"https:\/\/emsee.fr\/wp-content\/plugins\/wpforms-lite\/assets\/images\/submit-spin.svg\" class=\"wpforms-submit-spinner\" style=\"display: none;\" width=\"26\" height=\"26\" alt=\"Chargement en cours\"><\/div><\/form><\/div>  <!-- .wpforms-container -->","protected":false},"excerpt":{"rendered":"<p>ems\u00e9e Pour t\u00e9l\u00e9charger la pr\u00e9sentation PDF d&#8217;ems\u00e9e, veuillez indiquer vos nom et adresse mail :<\/p>\n","protected":false},"author":1,"featured_media":0,"parent":0,"menu_order":0,"comment_status":"closed","ping_status":"closed","template":"","meta":{"footnotes":""},"class_list":["post-310","page","type-page","status-publish","hentry"],"_links":{"self":[{"href":"https:\/\/emsee.fr\/index.php\/wp-json\/wp\/v2\/pages\/310","targetHints":{"allow":["GET"]}}],"collection":[{"href":"https:\/\/emsee.fr\/index.php\/wp-json\/wp\/v2\/pages"}],"about":[{"href":"https:\/\/emsee.fr\/index.php\/wp-json\/wp\/v2\/types\/page"}],"author":[{"embeddable":true,"href":"https:\/\/emsee.fr\/index.php\/wp-json\/wp\/v2\/users\/1"}],"replies":[{"embeddable":true,"href":"https:\/\/emsee.fr\/index.php\/wp-json\/wp\/v2\/comments?post=310"}],"version-history":[{"count":10,"href":"https:\/\/emsee.fr\/index.php\/wp-json\/wp\/v2\/pages\/310\/revisions"}],"predecessor-version":[{"id":382,"href":"https:\/\/emsee.fr\/index.php\/wp-json\/wp\/v2\/pages\/310\/revisions\/382"}],"wp:attachment":[{"href":"https:\/\/emsee.fr\/index.php\/wp-json\/wp\/v2\/media?parent=310"}],"curies":[{"name":"wp","href":"https:\/\/api.w.org\/{rel}","templated":true}]}}