{"id":39,"date":"2025-09-09T08:23:00","date_gmt":"2025-09-09T08:23:00","guid":{"rendered":"http:\/\/emsee.fr\/?page_id=39"},"modified":"2025-12-08T09:36:03","modified_gmt":"2025-12-08T09:36:03","slug":"39-2","status":"publish","type":"page","link":"https:\/\/emsee.fr\/","title":{"rendered":"accueil"},"content":{"rendered":"\n<p style=\"margin-top:var(--wp--preset--spacing--80);margin-bottom:var(--wp--preset--spacing--80)\"><\/p>\n\n\n\n<h1 class=\"wp-block-heading alignfull has-text-align-center has-didot-font-family\" style=\"margin-top:var(--wp--preset--spacing--30);margin-right:0;margin-bottom:var(--wp--preset--spacing--30);margin-left:0;font-size:clamp(4.509rem, 4.509rem + ((1vw - 0.2rem) * 8.613), 10rem);\"><a href=\"https:\/\/emsee.fr\/index.php\/blog\/\" data-type=\"page\" data-id=\"82\">ems\u00e9e<\/a><\/h1>\n\n\n\n<h6 class=\"wp-block-heading alignwide has-text-align-center is-style-default has-contrast-color has-base-2-background-color has-text-color has-background has-manrope-font-family\" style=\"margin-top:var(--wp--preset--spacing--30);margin-bottom:var(--wp--preset--spacing--30);font-size:0.7rem;font-style:normal;font-weight:400;line-height:1;text-transform:uppercase\">MISSIONS DE CONSEIL ET D&rsquo;ASSISTANCE AUPR\u00c8S DE tous les ACTEURS DE L&rsquo;IMMOBILIER<\/h6>\n\n\n\n<p><\/p>\n\n\n\n<h2 class=\"wp-block-heading has-text-align-center\" style=\"margin-top:var(--wp--preset--spacing--80);margin-bottom:var(--wp--preset--spacing--80);font-size:0.5rem\"><em><a href=\"https:\/\/emsee.fr\/index.php\/mentions\/\" data-type=\"page\" data-id=\"82\">mentions l\u00e9gales<\/a><\/em><\/h2>\n\n\n\n<p><\/p>\n","protected":false},"excerpt":{"rendered":"<p>ems\u00e9e MISSIONS DE CONSEIL ET D&rsquo;ASSISTANCE AUPR\u00c8S DE tous les ACTEURS DE L&rsquo;IMMOBILIER mentions l\u00e9gales<\/p>\n","protected":false},"author":1,"featured_media":0,"parent":0,"menu_order":0,"comment_status":"closed","ping_status":"closed","template":"","meta":{"footnotes":""},"class_list":["post-39","page","type-page","status-publish","hentry"],"_links":{"self":[{"href":"https:\/\/emsee.fr\/index.php\/wp-json\/wp\/v2\/pages\/39","targetHints":{"allow":["GET"]}}],"collection":[{"href":"https:\/\/emsee.fr\/index.php\/wp-json\/wp\/v2\/pages"}],"about":[{"href":"https:\/\/emsee.fr\/index.php\/wp-json\/wp\/v2\/types\/page"}],"author":[{"embeddable":true,"href":"https:\/\/emsee.fr\/index.php\/wp-json\/wp\/v2\/users\/1"}],"replies":[{"embeddable":true,"href":"https:\/\/emsee.fr\/index.php\/wp-json\/wp\/v2\/comments?post=39"}],"version-history":[{"count":24,"href":"https:\/\/emsee.fr\/index.php\/wp-json\/wp\/v2\/pages\/39\/revisions"}],"predecessor-version":[{"id":396,"href":"https:\/\/emsee.fr\/index.php\/wp-json\/wp\/v2\/pages\/39\/revisions\/396"}],"wp:attachment":[{"href":"https:\/\/emsee.fr\/index.php\/wp-json\/wp\/v2\/media?parent=39"}],"curies":[{"name":"wp","href":"https:\/\/api.w.org\/{rel}","templated":true}]}}